{"id":1544,"date":"2021-05-19T04:28:36","date_gmt":"2021-05-19T04:28:36","guid":{"rendered":"https:\/\/klbtheme.com\/bacola\/?page_id=1544"},"modified":"2025-04-10T20:27:08","modified_gmt":"2025-04-10T20:27:08","slug":"about-us","status":"publish","type":"page","link":"https:\/\/votre-nom.superette-dz.com\/ar\/about-us\/","title":{"rendered":"About Us"},"content":{"rendered":"<div data-elementor-type=\"wp-page\" data-elementor-id=\"1544\" class=\"elementor elementor-1544\">\n\t\t\t\t\t\t<section class=\"elementor-section elementor-top-section elementor-element elementor-element-99fa573 elementor-section-full_width elementor-section-height-default elementor-section-height-default\" data-id=\"99fa573\" data-element_type=\"section\">\n\t\t\t\t\t\t<div class=\"elementor-container elementor-column-gap-no\">\n\t\t\t\t\t<div class=\"elementor-column elementor-col-100 elementor-top-column elementor-element elementor-element-305ee4c\" data-id=\"305ee4c\" data-element_type=\"column\">\n\t\t\t<div class=\"elementor-widget-wrap elementor-element-populated\">\n\t\t\t\t\t\t<div class=\"elementor-element elementor-element-9906406 elementor-widget elementor-widget-bacola-hero-banner\" data-id=\"9906406\" data-element_type=\"widget\" data-widget_type=\"bacola-hero-banner.default\">\n\t\t\t\t<div class=\"elementor-widget-container\">\n\t\t\t\t\t<div class=\"page-hero\"><div class=\"container\"><h1 class=\"entry-title\">\u0645\u0646 \u0646\u062d\u0646<\/h1><h4 class=\"entry-subtitle\">\u064a\u0645\u0643\u0646\u0646\u0627 \u0623\u0646 \u0646\u0641\u0639\u0644 \u0627\u0644\u0645\u0632\u064a\u062f \u0645\u0646 \u0623\u062c\u0644\u0643<\/h4><\/div><!-- container --><div class=\"hero-image\"><img decoding=\"async\" src=\"https:\/\/klbtheme.com\/bacola\/wp-content\/uploads\/2021\/05\/hero-banner.jpg\" alt=\"hero-banner\"><\/div><\/div>\t\t\t\t<\/div>\n\t\t\t\t<\/div>\n\t\t\t\t\t<\/div>\n\t\t<\/div>\n\t\t\t\t\t<\/div>\n\t\t<\/section>\n\t\t\t\t<section class=\"elementor-section elementor-top-section elementor-element elementor-element-3551755 elementor-section-boxed elementor-section-height-default elementor-section-height-default\" data-id=\"3551755\" data-element_type=\"section\">\n\t\t\t\t\t\t<div class=\"elementor-container elementor-column-gap-extended\">\n\t\t\t\t\t<div class=\"elementor-column elementor-col-100 elementor-top-column elementor-element elementor-element-6f96f87\" data-id=\"6f96f87\" data-element_type=\"column\">\n\t\t\t<div class=\"elementor-widget-wrap elementor-element-populated\">\n\t\t\t\t\t\t<section class=\"elementor-section elementor-inner-section elementor-element elementor-element-d2a69d1 elementor-section-boxed elementor-section-height-default elementor-section-height-default\" data-id=\"d2a69d1\" data-element_type=\"section\">\n\t\t\t\t\t\t<div class=\"elementor-container elementor-column-gap-no\">\n\t\t\t\t\t<div class=\"elementor-column elementor-col-100 elementor-inner-column elementor-element elementor-element-3da8ad0\" data-id=\"3da8ad0\" data-element_type=\"column\">\n\t\t\t<div class=\"elementor-widget-wrap elementor-element-populated\">\n\t\t\t\t\t\t<div class=\"elementor-element elementor-element-bf5a32e elementor-widget elementor-widget-heading\" data-id=\"bf5a32e\" data-element_type=\"widget\" data-widget_type=\"heading.default\">\n\t\t\t\t<div class=\"elementor-widget-container\">\n\t\t\t\t\t<h2 class=\"elementor-heading-title elementor-size-default\">\u0627\u0644\u0627\u0633\u0645 \u0627\u0644\u062a\u062c\u0627\u0631\u064a<\/h2>\t\t\t\t<\/div>\n\t\t\t\t<\/div>\n\t\t\t\t<div class=\"elementor-element elementor-element-a5eaff7 elementor-widget elementor-widget-heading\" data-id=\"a5eaff7\" data-element_type=\"widget\" data-widget_type=\"heading.default\">\n\t\t\t\t<div class=\"elementor-widget-container\">\n\t\t\t\t\t<p class=\"elementor-heading-title elementor-size-default\">\u0647\u0648 \u0645\u062a\u062c\u0631 \u0625\u0644\u0643\u062a\u0631\u0648\u0646\u064a \u0645\u0628\u062a\u0643\u0631 \u062a\u0645 \u0625\u0646\u0634\u0627\u0624\u0647 \u0644\u062a\u0628\u0633\u064a\u0637 \u062d\u064a\u0627\u0629 \u0639\u0645\u0644\u0627\u0626\u0646\u0627. \u0645\u0647\u0645\u062a\u0646\u0627 \u0647\u064a \u062c\u0639\u0644 \u0627\u0644\u062a\u0633\u0648\u0642 \u0644\u0644\u0628\u0642\u0627\u0644\u0629 \u0623\u0633\u0647\u0644 \u0648\u0623\u0633\u0631\u0639 \u0648\u0623\u0643\u062b\u0631 \u0633\u0647\u0648\u0644\u0629\u060c \u062f\u0648\u0646 \u0627\u0644\u0645\u0633\u0627\u0648\u0645\u0629 \u0639\u0644\u0649 \u0627\u0644\u062c\u0648\u062f\u0629 \u0623\u0648 \u0627\u0644\u0633\u0639\u0631.<\/p>\t\t\t\t<\/div>\n\t\t\t\t<\/div>\n\t\t\t\t<div class=\"elementor-element elementor-element-5505b13 elementor-widget elementor-widget-heading\" data-id=\"5505b13\" data-element_type=\"widget\" data-widget_type=\"heading.default\">\n\t\t\t\t<div class=\"elementor-widget-container\">\n\t\t\t\t\t<h2 class=\"elementor-heading-title elementor-size-default\">\ud83d\uded2 \u0645\u0641\u0647\u0648\u0645\u0646\u0627<\/h2>\t\t\t\t<\/div>\n\t\t\t\t<\/div>\n\t\t\t\t<div class=\"elementor-element elementor-element-0ab0b16 elementor-widget elementor-widget-heading\" data-id=\"0ab0b16\" data-element_type=\"widget\" data-widget_type=\"heading.default\">\n\t\t\t\t<div class=\"elementor-widget-container\">\n\t\t\t\t\t<p class=\"elementor-heading-title elementor-size-default\">\u0644\u0627 \u062d\u0627\u062c\u0629 \u0644\u0644\u062a\u062d\u0631\u0643! \u0645\u0639 \u0645\u0648\u0642\u0639\u0646\u0627 \u0627\u0644\u0625\u0644\u0643\u062a\u0631\u0648\u0646\u064a \u0648\u062a\u0637\u0628\u064a\u0642\u0646\u0627 \u0644\u0644\u0647\u0648\u0627\u062a\u0641 \u0627\u0644\u0645\u062d\u0645\u0648\u0644\u0629\u060c \u064a\u0645\u0643\u0646\u0643 \u0637\u0644\u0628 \u0643\u0644 \u0645\u0627 \u062a\u062d\u062a\u0627\u062c\u0647 \u0645\u0646 \u0627\u0644\u0645\u0646\u0632\u0644\u060c \u0648\u0633\u0646\u0642\u0648\u0645 \u0628\u062a\u0648\u0635\u064a\u0644\u0647 \u0625\u0644\u0649 \u0628\u0627\u0628 \u0645\u0646\u0632\u0644\u0643 \u0628\u0633\u0631\u0639\u0629.<\/p>\t\t\t\t<\/div>\n\t\t\t\t<\/div>\n\t\t\t\t<div class=\"elementor-element elementor-element-a502134 elementor-widget elementor-widget-heading\" data-id=\"a502134\" data-element_type=\"widget\" data-widget_type=\"heading.default\">\n\t\t\t\t<div class=\"elementor-widget-container\">\n\t\t\t\t\t<h2 class=\"elementor-heading-title elementor-size-default\">\ud83d\udce6 \u0645\u0627 \u0646\u0642\u062f\u0645\u0647:<\/h2>\t\t\t\t<\/div>\n\t\t\t\t<\/div>\n\t\t\t\t<div class=\"elementor-element elementor-element-d0f2d0f elementor-widget elementor-widget-heading\" data-id=\"d0f2d0f\" data-element_type=\"widget\" data-widget_type=\"heading.default\">\n\t\t\t\t<div class=\"elementor-widget-container\">\n\t\t\t\t\t<p class=\"elementor-heading-title elementor-size-default\">\u0645\u0646\u062a\u062c\u0627\u062a \u063a\u0630\u0627\u0626\u064a\u0629 \u062c\u0627\u0641\u0629 \u0648\u0645\u0639\u0644\u0628\u0629 \u0627\u0644\u0641\u0648\u0627\u0643\u0647 \u0648\u0627\u0644\u062e\u0636\u0631\u0648\u0627\u062a \u0627\u0644\u0637\u0627\u0632\u062c\u0629 \u0627\u0644\u0644\u062d\u0648\u0645 \u0648\u0627\u0644\u0645\u0646\u062a\u062c\u0627\u062a \u0627\u0644\u0645\u062c\u0645\u062f\u0629 \u0645\u0646\u062a\u062c\u0627\u062a \u0627\u0644\u062a\u0646\u0638\u064a\u0641 \u0648\u0627\u0644\u0646\u0638\u0627\u0641\u0629 \u0645\u0633\u062a\u062d\u0636\u0631\u0627\u062a \u0627\u0644\u062a\u062c\u0645\u064a\u0644 \u0648\u0627\u0644\u0639\u0646\u0627\u064a\u0629 \u0648\u0643\u0644 \u0630\u0644\u0643 \u0628\u0646\u0641\u0633 \u0627\u0644\u0633\u0639\u0631 \u0627\u0644\u0645\u0648\u062c\u0648\u062f \u0641\u064a \u0627\u0644\u0645\u062a\u062c\u0631!<\/p>\t\t\t\t<\/div>\n\t\t\t\t<\/div>\n\t\t\t\t<div class=\"elementor-element elementor-element-c020fe6 elementor-widget elementor-widget-heading\" data-id=\"c020fe6\" data-element_type=\"widget\" data-widget_type=\"heading.default\">\n\t\t\t\t<div class=\"elementor-widget-container\">\n\t\t\t\t\t<h2 class=\"elementor-heading-title elementor-size-default\">\ud83d\ude9a \u062a\u0648\u0635\u064a\u0644 \u0633\u0631\u064a\u0639<\/h2>\t\t\t\t<\/div>\n\t\t\t\t<\/div>\n\t\t\t\t\t<\/div>\n\t\t<\/div>\n\t\t\t\t\t<\/div>\n\t\t<\/section>\n\t\t\t\t<div class=\"elementor-element elementor-element-3f471c3 elementor-widget elementor-widget-heading\" data-id=\"3f471c3\" data-element_type=\"widget\" data-widget_type=\"heading.default\">\n\t\t\t\t<div class=\"elementor-widget-container\">\n\t\t\t\t\t<p class=\"elementor-heading-title elementor-size-default\">\u0646\u062d\u0646 \u0646\u0642\u062f\u0645 \u062e\u062f\u0645\u0627\u062a\u0646\u0627 \u0648\u0641\u0642\u064b\u0627 \u0644\u0645\u0639\u0627\u064a\u064a\u0631 \u0627\u0644\u0646\u0638\u0627\u0641\u0629 \u0648\u0627\u0644\u062c\u0648\u062f\u0629\u060c \u0644\u0636\u0645\u0627\u0646 \u062a\u062c\u0631\u0628\u0629 \u0645\u0645\u062a\u0639\u0629 \u0648\u0622\u0645\u0646\u0629 \u0644\u0643.<\/p>\t\t\t\t<\/div>\n\t\t\t\t<\/div>\n\t\t\t\t\t<\/div>\n\t\t<\/div>\n\t\t\t\t\t<\/div>\n\t\t<\/section>\n\t\t\t\t<section class=\"elementor-section elementor-top-section elementor-element elementor-element-c3a3091 elementor-section-boxed elementor-section-height-default elementor-section-height-default\" data-id=\"c3a3091\" data-element_type=\"section\">\n\t\t\t\t\t\t<div class=\"elementor-container elementor-column-gap-extended\">\n\t\t\t\t\t<div class=\"elementor-column elementor-col-100 elementor-top-column elementor-element elementor-element-7ae1ceb\" data-id=\"7ae1ceb\" data-element_type=\"column\">\n\t\t\t<div class=\"elementor-widget-wrap\">\n\t\t\t\t\t\t\t<\/div>\n\t\t<\/div>\n\t\t\t\t\t<\/div>\n\t\t<\/section>\n\t\t\t\t<\/div>","protected":false},"excerpt":{"rendered":"<p>\u00c0 propos de Nous Nous pouvons faire plus pour vous Votre Nom est une sup\u00e9rette en ligne innovante, cr\u00e9\u00e9e pour simplifier la vie de nos clients. Nous avons pour mission de rendre les courses alimentaires plus faciles, plus rapides et plus accessibles, sans compromis sur la qualit\u00e9 ni sur le prix. \ud83d\uded2 Notre concept Plus<\/p>\n<div class=\"klb-readmore entry-button\"><a class=\"button\" href=\"https:\/\/votre-nom.superette-dz.com\/ar\/about-us\/\">Read More<\/a><\/div>","protected":false},"author":1,"featured_media":0,"parent":0,"menu_order":0,"comment_status":"closed","ping_status":"closed","template":"","meta":{"footnotes":""},"class_list":["post-1544","page","type-page","status-publish","hentry"],"jetpack_sharing_enabled":true,"_links":{"self":[{"href":"https:\/\/votre-nom.superette-dz.com\/ar\/wp-json\/wp\/v2\/pages\/1544","targetHints":{"allow":["GET"]}}],"collection":[{"href":"https:\/\/votre-nom.superette-dz.com\/ar\/wp-json\/wp\/v2\/pages"}],"about":[{"href":"https:\/\/votre-nom.superette-dz.com\/ar\/wp-json\/wp\/v2\/types\/page"}],"author":[{"embeddable":true,"href":"https:\/\/votre-nom.superette-dz.com\/ar\/wp-json\/wp\/v2\/users\/1"}],"replies":[{"embeddable":true,"href":"https:\/\/votre-nom.superette-dz.com\/ar\/wp-json\/wp\/v2\/comments?post=1544"}],"version-history":[{"count":7,"href":"https:\/\/votre-nom.superette-dz.com\/ar\/wp-json\/wp\/v2\/pages\/1544\/revisions"}],"predecessor-version":[{"id":3543,"href":"https:\/\/votre-nom.superette-dz.com\/ar\/wp-json\/wp\/v2\/pages\/1544\/revisions\/3543"}],"wp:attachment":[{"href":"https:\/\/votre-nom.superette-dz.com\/ar\/wp-json\/wp\/v2\/media?parent=1544"}],"curies":[{"name":"wp","href":"https:\/\/api.w.org\/{rel}","templated":true}]}}